{"id":29336,"date":"2023-12-03T20:23:24","date_gmt":"2023-12-03T19:23:24","guid":{"rendered":"https:\/\/memorica.ch\/?post_type=product&#038;p=29336"},"modified":"2023-12-03T20:27:19","modified_gmt":"2023-12-03T19:27:19","slug":"journal-photo-animals-kopie","status":"publish","type":"product","link":"https:\/\/memorica.ch\/fr\/produit\/journal-photo-animals-kopie\/","title":{"rendered":"Journal photo Animals (Kopie)"},"content":{"rendered":"<p>C'est la description du produit qui permet de communiquer sa valeur.<\/p>\n","protected":false},"excerpt":{"rendered":"<p>C'est la br\u00e8ve description qui d\u00e9crit le produit de mani\u00e8re tr\u00e8s succincte et pertinente.<\/p>\n","protected":false},"featured_media":29140,"comment_status":"open","ping_status":"closed","template":"","meta":[],"product_cat":[36],"product_tag":[],"acf":[],"yoast_head":"<!-- This site is optimized with the Yoast SEO plugin v21.8 - https:\/\/yoast.com\/wordpress\/plugins\/seo\/ -->\n<title>Journal photo Animals (Kopie) - Memorica<\/title>\n<meta name=\"robots\" content=\"index, follow, max-snippet:-1, max-image-preview:large, max-video-preview:-1\" \/>\n<link rel=\"canonical\" href=\"https:\/\/memorica.ch\/fr\/produit\/journal-photo-animals-kopie\/\" \/>\n<meta property=\"og:locale\" content=\"fr_FR\" \/>\n<meta property=\"og:type\" content=\"article\" \/>\n<meta property=\"og:title\" content=\"Journal photo Animals (Kopie) - Memorica\" \/>\n<meta property=\"og:description\" content=\"C&#039;est la br\u00e8ve description qui d\u00e9crit le produit de mani\u00e8re tr\u00e8s succincte et pertinente.\" \/>\n<meta property=\"og:url\" content=\"https:\/\/memorica.ch\/fr\/produit\/journal-photo-animals-kopie\/\" \/>\n<meta property=\"og:site_name\" content=\"Memorica\" \/>\n<meta property=\"article:modified_time\" content=\"2023-12-03T19:27:19+00:00\" \/>\n<meta property=\"og:image\" content=\"https:\/\/memorica.ch\/wp-content\/uploads\/2023\/08\/Animal_2_fr.png\" \/>\n\t<meta property=\"og:image:width\" content=\"1080\" \/>\n\t<meta property=\"og:image:height\" content=\"1080\" \/>\n\t<meta property=\"og:image:type\" content=\"image\/png\" \/>\n<meta name=\"twitter:card\" content=\"summary_large_image\" \/>\n<script type=\"application\/ld+json\" class=\"yoast-schema-graph\">{\"@context\":\"https:\/\/schema.org\",\"@graph\":[{\"@type\":\"WebPage\",\"@id\":\"https:\/\/memorica.ch\/fr\/produit\/journal-photo-animals-kopie\/\",\"url\":\"https:\/\/memorica.ch\/fr\/produit\/journal-photo-animals-kopie\/\",\"name\":\"Journal photo Animals (Kopie) - Memorica\",\"isPartOf\":{\"@id\":\"https:\/\/memorica.ch\/fr\/#website\"},\"datePublished\":\"2023-12-03T19:23:24+00:00\",\"dateModified\":\"2023-12-03T19:27:19+00:00\",\"breadcrumb\":{\"@id\":\"https:\/\/memorica.ch\/fr\/produit\/journal-photo-animals-kopie\/#breadcrumb\"},\"inLanguage\":\"fr-FR\",\"potentialAction\":[{\"@type\":\"ReadAction\",\"target\":[\"https:\/\/memorica.ch\/fr\/produit\/journal-photo-animals-kopie\/\"]}]},{\"@type\":\"BreadcrumbList\",\"@id\":\"https:\/\/memorica.ch\/fr\/produit\/journal-photo-animals-kopie\/#breadcrumb\",\"itemListElement\":[{\"@type\":\"ListItem\",\"position\":1,\"name\":\"Startseite\",\"item\":\"https:\/\/memorica.ch\/fr\/\"},{\"@type\":\"ListItem\",\"position\":2,\"name\":\"Produits\",\"item\":\"https:\/\/memorica.ch\/fr\/shop\/\"},{\"@type\":\"ListItem\",\"position\":3,\"name\":\"Journal photo Animals (Kopie)\"}]},{\"@type\":\"WebSite\",\"@id\":\"https:\/\/memorica.ch\/fr\/#website\",\"url\":\"https:\/\/memorica.ch\/fr\/\",\"name\":\"Memorica\",\"description\":\"Capture Life\",\"publisher\":{\"@id\":\"https:\/\/memorica.ch\/fr\/#organization\"},\"potentialAction\":[{\"@type\":\"SearchAction\",\"target\":{\"@type\":\"EntryPoint\",\"urlTemplate\":\"https:\/\/memorica.ch\/fr\/?s={search_term_string}\"},\"query-input\":\"required name=search_term_string\"}],\"inLanguage\":\"fr-FR\"},{\"@type\":\"Organization\",\"@id\":\"https:\/\/memorica.ch\/fr\/#organization\",\"name\":\"Memorica GmbH\",\"url\":\"https:\/\/memorica.ch\/fr\/\",\"logo\":{\"@type\":\"ImageObject\",\"inLanguage\":\"fr-FR\",\"@id\":\"https:\/\/memorica.ch\/fr\/#\/schema\/logo\/image\/\",\"url\":\"https:\/\/memorica.ch\/wp-content\/uploads\/2024\/01\/Logo-Twint.png\",\"contentUrl\":\"https:\/\/memorica.ch\/wp-content\/uploads\/2024\/01\/Logo-Twint.png\",\"width\":1600,\"height\":800,\"caption\":\"Memorica GmbH\"},\"image\":{\"@id\":\"https:\/\/memorica.ch\/fr\/#\/schema\/logo\/image\/\"}}]}<\/script>\n<!-- \/ Yoast SEO plugin. -->","yoast_head_json":{"title":"Journal photo Animals (Kopie) - Memorica","robots":{"index":"index","follow":"follow","max-snippet":"max-snippet:-1","max-image-preview":"max-image-preview:large","max-video-preview":"max-video-preview:-1"},"canonical":"https:\/\/memorica.ch\/fr\/produit\/journal-photo-animals-kopie\/","og_locale":"fr_FR","og_type":"article","og_title":"Journal photo Animals (Kopie) - Memorica","og_description":"C'est la br\u00e8ve description qui d\u00e9crit le produit de mani\u00e8re tr\u00e8s succincte et pertinente.","og_url":"https:\/\/memorica.ch\/fr\/produit\/journal-photo-animals-kopie\/","og_site_name":"Memorica","article_modified_time":"2023-12-03T19:27:19+00:00","og_image":[{"width":1080,"height":1080,"url":"https:\/\/memorica.ch\/wp-content\/uploads\/2023\/08\/Animal_2_fr.png","type":"image\/png"}],"twitter_card":"summary_large_image","schema":{"@context":"https:\/\/schema.org","@graph":[{"@type":"WebPage","@id":"https:\/\/memorica.ch\/fr\/produit\/journal-photo-animals-kopie\/","url":"https:\/\/memorica.ch\/fr\/produit\/journal-photo-animals-kopie\/","name":"Journal photo Animals (Kopie) - Memorica","isPartOf":{"@id":"https:\/\/memorica.ch\/fr\/#website"},"datePublished":"2023-12-03T19:23:24+00:00","dateModified":"2023-12-03T19:27:19+00:00","breadcrumb":{"@id":"https:\/\/memorica.ch\/fr\/produit\/journal-photo-animals-kopie\/#breadcrumb"},"inLanguage":"fr-FR","potentialAction":[{"@type":"ReadAction","target":["https:\/\/memorica.ch\/fr\/produit\/journal-photo-animals-kopie\/"]}]},{"@type":"BreadcrumbList","@id":"https:\/\/memorica.ch\/fr\/produit\/journal-photo-animals-kopie\/#breadcrumb","itemListElement":[{"@type":"ListItem","position":1,"name":"Startseite","item":"https:\/\/memorica.ch\/fr\/"},{"@type":"ListItem","position":2,"name":"Produits","item":"https:\/\/memorica.ch\/fr\/shop\/"},{"@type":"ListItem","position":3,"name":"Journal photo Animals (Kopie)"}]},{"@type":"WebSite","@id":"https:\/\/memorica.ch\/fr\/#website","url":"https:\/\/memorica.ch\/fr\/","name":"Memorica","description":"Capture Life","publisher":{"@id":"https:\/\/memorica.ch\/fr\/#organization"},"potentialAction":[{"@type":"SearchAction","target":{"@type":"EntryPoint","urlTemplate":"https:\/\/memorica.ch\/fr\/?s={search_term_string}"},"query-input":"required name=search_term_string"}],"inLanguage":"fr-FR"},{"@type":"Organization","@id":"https:\/\/memorica.ch\/fr\/#organization","name":"Memorica GmbH","url":"https:\/\/memorica.ch\/fr\/","logo":{"@type":"ImageObject","inLanguage":"fr-FR","@id":"https:\/\/memorica.ch\/fr\/#\/schema\/logo\/image\/","url":"https:\/\/memorica.ch\/wp-content\/uploads\/2024\/01\/Logo-Twint.png","contentUrl":"https:\/\/memorica.ch\/wp-content\/uploads\/2024\/01\/Logo-Twint.png","width":1600,"height":800,"caption":"Memorica GmbH"},"image":{"@id":"https:\/\/memorica.ch\/fr\/#\/schema\/logo\/image\/"}}]}},"_links":{"self":[{"href":"https:\/\/memorica.ch\/fr\/wp-json\/wp\/v2\/product\/29336"}],"collection":[{"href":"https:\/\/memorica.ch\/fr\/wp-json\/wp\/v2\/product"}],"about":[{"href":"https:\/\/memorica.ch\/fr\/wp-json\/wp\/v2\/types\/product"}],"replies":[{"embeddable":true,"href":"https:\/\/memorica.ch\/fr\/wp-json\/wp\/v2\/comments?post=29336"}],"wp:featuredmedia":[{"embeddable":true,"href":"https:\/\/memorica.ch\/fr\/wp-json\/wp\/v2\/media\/29140"}],"wp:attachment":[{"href":"https:\/\/memorica.ch\/fr\/wp-json\/wp\/v2\/media?parent=29336"}],"wp:term":[{"taxonomy":"product_cat","embeddable":true,"href":"https:\/\/memorica.ch\/fr\/wp-json\/wp\/v2\/product_cat?post=29336"},{"taxonomy":"product_tag","embeddable":true,"href":"https:\/\/memorica.ch\/fr\/wp-json\/wp\/v2\/product_tag?post=29336"}],"curies":[{"name":"wp","href":"https:\/\/api.w.org\/{rel}","templated":true}]}}